{"id":2312,"date":"2019-12-16T08:30:57","date_gmt":"2019-12-16T08:30:57","guid":{"rendered":"https:\/\/avantage.bold-themes.com\/business\/?page_id=2312"},"modified":"2024-05-05T18:47:22","modified_gmt":"2024-05-05T16:47:22","slug":"aproposcompanie","status":"publish","type":"page","link":"https:\/\/bsts.ch\/en\/aproposcompanie\/","title":{"rendered":"About us"},"content":{"rendered":"<section id=\"bt_bb_section69e4b9296b1b9\" class=\"bt_bb_section bt_bb_layout_boxed_1200 bt_bb_vertical_align_top bt_bb_top_spacing_large bt_bb_bottom_spacing_large\" style=\"background-position:right 35%;background-size:contain;\" data-bt-override-class=\"null\"><div class=\"bt_bb_background_image_holder_wrapper\"><div class=\"bt_bb_background_image_holder btLazyLoadBackground\"  data-background_image_src=\"https:\/\/bsts.ch\/wp-content\/uploads\/2019\/04\/bgn-cases-3.png\" data-parallax-zoom-start=\"1\" data-parallax-zoom-end=\"1\" data-parallax-blur-start=\"0\" data-parallax-blur-end=\"0\" data-parallax-opacity-start=\"1\" data-parallax-opacity-end=\"1\" style=\" background-image: url(&#039;https:\/\/bsts.ch\/wp-content\/plugins\/bold-page-builder\/img\/blank.gif&#039;);\"><\/div><\/div><div class=\"bt_bb_port\"><div class=\"bt_bb_cell\"><div class=\"bt_bb_cell_inner\"><div class=\"bt_bb_row\"  data-bt-override-class=\"{}\"><div class=\"bt_bb_row_holder\" ><div  class=\"bt_bb_column col-xxl-2 col-xl-2 bt_bb_vertical_align_top bt_bb_align_left bt_bb_padding_normal\"  data-width=\"2\" data-bt-override-class=\"{}\"><div class=\"bt_bb_column_content\"><\/div><\/div><div  class=\"bt_bb_column col-xxl-8 col-xl-8 bt_bb_vertical_align_top bt_bb_align_center bt_bb_padding_normal bt_bb_animation_fade_in move_up animate\"  data-width=\"8\" data-bt-override-class=\"{}\"><div class=\"bt_bb_column_content\"><div class=\"bt_bb_separator bt_bb_border_style_none bt_bb_bottom_spacing_normal bt_bb_hidden_md bt_bb_hidden_lg\" data-bt-override-class=\"null\"><\/div><header data-bb-version=\"4.9.1\" class=\"bt_bb_headline bt_bb_subheadline_text_transform_default bt_bb_dash_top bt_bb_superheadline bt_bb_subheadline bt_bb_size_large bt_bb_align_inherit\" data-bt-override-class=\"{&quot;bt_bb_size_&quot;:{&quot;current_class&quot;:&quot;bt_bb_size_large&quot;,&quot;def&quot;:&quot;large&quot;},&quot;bt_bb_align_&quot;:{&quot;current_class&quot;:&quot;bt_bb_align_inherit&quot;,&quot;def&quot;:&quot;inherit&quot;}}\"><h2 class=\"bt_bb_headline_tag\"><span class=\"bt_bb_headline_superheadline\">EXCELLENCE EN AFFAIRES<\/span><span class=\"bt_bb_headline_content\"><span><u>BSTS<\/u><br \/><br \/>\n<b>plus de 20 ans d'exp\u00e9rience<\/b><\/span><\/span><\/h2><div class=\"bt_bb_headline_subheadline\">Envisag\u00e9 de mani\u00e8re proactive une expertise bas\u00e9e sur la Business Intelligence, l'analyse de donn\u00e9es et les strat\u00e9gies de croissance transm\u00e9dias. Visualiser sans effort un capital intellectuel de qualit\u00e9 sans collaboration sup\u00e9rieure et partage d'id\u00e9es.<\/div><\/header><div class=\"bt_bb_separator bt_bb_border_style_none bt_bb_bottom_spacing_medium\" data-bt-override-class=\"null\"><\/div><\/div><\/div><div  class=\"bt_bb_column col-xxl-2 col-xl-2 bt_bb_vertical_align_top bt_bb_align_left bt_bb_padding_normal\"  data-width=\"2\" data-bt-override-class=\"{}\"><div class=\"bt_bb_column_content\"><\/div><\/div><\/div><\/div><div class=\"bt_bb_row\"  data-bt-override-class=\"{}\"><div class=\"bt_bb_row_holder\" ><div  class=\"bt_bb_column col-xxl-4 col-xl-4 bt_bb_vertical_align_top bt_bb_align_left bt_bb_padding_normal bt_bb_animation_fade_in animate\"  data-width=\"4\" data-bt-override-class=\"{}\"><div class=\"bt_bb_column_content\"><div  class=\"bt_bb_text\" ><\/p>\n<p>R\u00e9inventer de mani\u00e8re distinctive les m\u00e9ta-services r\u00e9volutionnaires et les architectures premium dans nos domaines. Incuber de mani\u00e8re intrins\u00e8que des opportunit\u00e9s intuitives et des potentialit\u00e9s en temps r\u00e9el.<\/p>\n<p>Communiquer de mani\u00e8re appropri\u00e9e la technologie en t\u00eate-\u00e0-t\u00eate apr\u00e8s des r\u00e9seaux plug-and-play. Rassembler rapidement les utilisateurs B2B et les potentialit\u00e9s mondiales. Plagier progressivement le commerce \u00e9lectronique de nivellement des ressources. Innover de mani\u00e8re dynamique le service client de nivellement des ressources pour un service client de pointe.<\/p>\n<p>\n<\/div><div class=\"bt_bb_separator bt_bb_border_style_none bt_bb_bottom_spacing_small bt_bb_hidden_md bt_bb_hidden_lg\" data-bt-override-class=\"null\"><\/div><\/div><\/div><div  class=\"bt_bb_column col-xxl-4 col-xl-4 bt_bb_vertical_align_top bt_bb_align_left bt_bb_padding_normal bt_bb_animation_fade_in animate\"  data-width=\"4\" data-bt-override-class=\"{}\"><div class=\"bt_bb_column_content\"><div  class=\"bt_bb_text\" ><\/p>\n<p>Dynamiser les opportunit\u00e9s du march\u00e9 et les interfaces omnipr\u00e9sentes dans nos secteurs. Cr\u00e9er activement une vari\u00e9t\u00e9 \u00e9tendue de march\u00e9s de niche gr\u00e2ce \u00e0 des produits solides. Impl\u00e9menter de fa\u00e7on pertinente des services \u00e9lectroniques novateurs en alignement avec une strat\u00e9gie web efficace.<\/p>\n<p>Adopter avec conviction le e-business renforc\u00e9 par un capital intellectuel accessible. Promouvoir de mani\u00e8re globale les portails de base install\u00e9s en soutien \u00e0 des produits durables.<\/p>\n<p>\n<\/div><div class=\"bt_bb_separator bt_bb_border_style_none bt_bb_bottom_spacing_normal bt_bb_hidden_md bt_bb_hidden_lg\" data-bt-override-class=\"null\"><\/div><\/div><\/div><div  class=\"bt_bb_column col-xxl-4 col-xl-4 bt_bb_vertical_align_top bt_bb_align_left bt_bb_padding_normal bt_bb_animation_fade_in animate\"  data-width=\"4\" data-bt-override-class=\"{}\"><div class=\"bt_bb_column_content\"><div data-bb-version=\"4.9.1\" class=\"bt_bb_progress_bar bt_bb_color_scheme_3 bt_bb_align_inherit bt_bb_size_normal bt_bb_style_line bt_bb_shape_square\" style=\"; --progress-bar-primary-color:#e94d65; --progress-bar-secondary-color:#191919;\" data-bt-override-class=\"{&quot;bt_bb_align_&quot;:{&quot;current_class&quot;:&quot;bt_bb_align_inherit&quot;,&quot;def&quot;:&quot;inherit&quot;},&quot;bt_bb_size_&quot;:{&quot;current_class&quot;:&quot;bt_bb_size_normal&quot;,&quot;def&quot;:&quot;normal&quot;}}\"><div class=\"bt_bb_progress_bar_bg\"><\/div><div class=\"bt_bb_progress_bar_inner animate\" style=\"width:98%\"><span class=\"bt_bb_progress_bar_text\">Satisfaction client<\/span><\/div><\/div><div class=\"bt_bb_separator bt_bb_border_style_none bt_bb_bottom_spacing_extra_small\" data-bt-override-class=\"null\"><\/div><div data-bb-version=\"4.9.1\" class=\"bt_bb_progress_bar bt_bb_color_scheme_3 bt_bb_align_inherit bt_bb_size_normal bt_bb_style_line bt_bb_shape_square\" style=\"; --progress-bar-primary-color:#e94d65; --progress-bar-secondary-color:#191919;\" data-bt-override-class=\"{&quot;bt_bb_align_&quot;:{&quot;current_class&quot;:&quot;bt_bb_align_inherit&quot;,&quot;def&quot;:&quot;inherit&quot;},&quot;bt_bb_size_&quot;:{&quot;current_class&quot;:&quot;bt_bb_size_normal&quot;,&quot;def&quot;:&quot;normal&quot;}}\"><div class=\"bt_bb_progress_bar_bg\"><\/div><div class=\"bt_bb_progress_bar_inner animate\" style=\"width:95%\"><span class=\"bt_bb_progress_bar_text\">Calcul pr\u00e9cis<\/span><\/div><\/div><div class=\"bt_bb_separator bt_bb_border_style_none bt_bb_bottom_spacing_extra_small\" data-bt-override-class=\"null\"><\/div><div data-bb-version=\"4.9.1\" class=\"bt_bb_progress_bar bt_bb_color_scheme_3 bt_bb_align_inherit bt_bb_size_normal bt_bb_style_line bt_bb_shape_square\" style=\"; --progress-bar-primary-color:#e94d65; --progress-bar-secondary-color:#191919;\" data-bt-override-class=\"{&quot;bt_bb_align_&quot;:{&quot;current_class&quot;:&quot;bt_bb_align_inherit&quot;,&quot;def&quot;:&quot;inherit&quot;},&quot;bt_bb_size_&quot;:{&quot;current_class&quot;:&quot;bt_bb_size_normal&quot;,&quot;def&quot;:&quot;normal&quot;}}\"><div class=\"bt_bb_progress_bar_bg\"><\/div><div class=\"bt_bb_progress_bar_inner animate\" style=\"width:97%\"><span class=\"bt_bb_progress_bar_text\">Essor des affaires<\/span><\/div><\/div><div class=\"bt_bb_separator bt_bb_border_style_none bt_bb_bottom_spacing_extra_small\" data-bt-override-class=\"null\"><\/div><div data-bb-version=\"4.9.1\" class=\"bt_bb_progress_bar bt_bb_color_scheme_3 bt_bb_align_inherit bt_bb_size_normal bt_bb_style_line bt_bb_shape_square\" style=\"; --progress-bar-primary-color:#e94d65; --progress-bar-secondary-color:#191919;\" data-bt-override-class=\"{&quot;bt_bb_align_&quot;:{&quot;current_class&quot;:&quot;bt_bb_align_inherit&quot;,&quot;def&quot;:&quot;inherit&quot;},&quot;bt_bb_size_&quot;:{&quot;current_class&quot;:&quot;bt_bb_size_normal&quot;,&quot;def&quot;:&quot;normal&quot;}}\"><div class=\"bt_bb_progress_bar_bg\"><\/div><div class=\"bt_bb_progress_bar_inner animate\" style=\"width:92%\"><span class=\"bt_bb_progress_bar_text\">Succ\u00e8s des projets<\/span><\/div><\/div><\/div><\/div><\/div><\/div><div class=\"bt_bb_row\"  data-bt-override-class=\"{}\"><div class=\"bt_bb_row_holder\" ><div  class=\"bt_bb_column col-xxl-12 col-xl-12 bt_bb_vertical_align_top bt_bb_align_left bt_bb_padding_normal bt_bb_animation_fade_in move_up animate\"  data-width=\"12\" data-bt-override-class=\"{}\"><div class=\"bt_bb_column_content\"><div class=\"bt_bb_separator bt_bb_border_style_none bt_bb_bottom_spacing_large\" data-bt-override-class=\"null\"><\/div><div class=\"bt_bb_slider bt_bb_height_keep-height bt_bb_multiple_slides bt_bb_multiple_slides bt_bb_animation_slide animate bt_bb_arrows_size_normal bt_bb_arrows_style_transparent_dark bt_bb_arrows_position_outside\"><div class=\"slick-slider\"  data-slick='{ \"lazyLoad\": \"progressive\", \"cssEase\": \"ease-out\", \"speed\": \"300\", \"prevArrow\": \"&lt;button type=\\\"button\\\" class=\\\"slick-prev\\\" aria-label=\\\"Previous\\\" tabindex=\\\"0\\\" role=\\\"button\\\"&gt;&lt;\/button&gt;\", \"nextArrow\": \"&lt;button type=\\\"button\\\" class=\\\"slick-next\\\" aria-label=\\\"Next\\\" tabindex=\\\"0\\\" role=\\\"button\\\"&gt;&lt;\/button&gt;\",\"slidesToShow\": 3, \"autoplay\": true, \"autoplaySpeed\": 3000,\"slidesToShow\": 3, \"responsive\": [{ \"breakpoint\": 481, \"settings\": { \"slidesToShow\": 1, \"slidesToScroll\": 1 } },{ \"breakpoint\": 769, \"settings\": { \"slidesToShow\": 2, \"slidesToScroll\": 2 } },{ \"breakpoint\": 993, \"settings\": { \"slidesToShow\": 3, \"slidesToScroll\": 3 } },{ \"breakpoint\": 1201, \"settings\": { \"slidesToShow\": 3, \"slidesToScroll\": 3 } },{ \"breakpoint\": 1401, \"settings\": { \"slidesToShow\": 3, \"slidesToScroll\": 3 } }]}' ><div class=\"bt_bb_slider_item\" data-src-full=\"https:\/\/bsts.ch\/wp-content\/uploads\/2019\/04\/blog-post-23.jpg\"><img decoding=\"async\" src=\"https:\/\/bsts.ch\/wp-content\/uploads\/2019\/04\/blog-post-23.jpg\" alt=\"\" ><\/div><div class=\"bt_bb_slider_item\" data-src-full=\"https:\/\/bsts.ch\/wp-content\/uploads\/2017\/04\/blog-post-12.jpg\"><img decoding=\"async\" src=\"https:\/\/bsts.ch\/wp-content\/uploads\/2017\/04\/blog-post-12.jpg\" alt=\"\" ><\/div><div class=\"bt_bb_slider_item\" data-src-full=\"https:\/\/bsts.ch\/wp-content\/uploads\/2019\/04\/blog-post-18.jpg\"><img decoding=\"async\" src=\"https:\/\/bsts.ch\/wp-content\/uploads\/2019\/04\/blog-post-18.jpg\" alt=\"\" ><\/div><div class=\"bt_bb_slider_item\" data-src-full=\"https:\/\/bsts.ch\/wp-content\/uploads\/2017\/04\/blog-post-05.jpg\"><img decoding=\"async\" src=\"https:\/\/bsts.ch\/wp-content\/uploads\/2017\/04\/blog-post-05.jpg\" alt=\"\" ><\/div><div class=\"bt_bb_slider_item\" data-src-full=\"https:\/\/bsts.ch\/wp-content\/uploads\/2017\/04\/blog-post-14.jpg\"><img decoding=\"async\" src=\"https:\/\/bsts.ch\/wp-content\/uploads\/2017\/04\/blog-post-14.jpg\" alt=\"\" ><\/div><div class=\"bt_bb_slider_item\" data-src-full=\"https:\/\/bsts.ch\/wp-content\/uploads\/2017\/04\/blog-post-13.jpg\"><img decoding=\"async\" src=\"https:\/\/bsts.ch\/wp-content\/uploads\/2017\/04\/blog-post-13.jpg\" alt=\"\" ><\/div><div class=\"bt_bb_slider_item\" data-src-full=\"https:\/\/bsts.ch\/wp-content\/uploads\/2017\/04\/blog-post-15.jpg\"><img decoding=\"async\" src=\"https:\/\/bsts.ch\/wp-content\/uploads\/2017\/04\/blog-post-15.jpg\" alt=\"\" ><\/div><\/div><\/div><\/div><\/div><\/div><\/div><\/div><!-- cell_inner --><\/div><!-- cell --><\/div><!-- port --><\/section>","protected":false},"excerpt":{"rendered":"","protected":false},"author":2,"featured_media":0,"parent":0,"menu_order":0,"comment_status":"closed","ping_status":"closed","template":"","meta":{"_themeisle_gutenberg_block_has_review":false,"footnotes":""},"class_list":["post-2312","page","type-page","status-publish","hentry"],"_links":{"self":[{"href":"https:\/\/bsts.ch\/en\/wp-json\/wp\/v2\/pages\/2312","targetHints":{"allow":["GET"]}}],"collection":[{"href":"https:\/\/bsts.ch\/en\/wp-json\/wp\/v2\/pages"}],"about":[{"href":"https:\/\/bsts.ch\/en\/wp-json\/wp\/v2\/types\/page"}],"author":[{"embeddable":true,"href":"https:\/\/bsts.ch\/en\/wp-json\/wp\/v2\/users\/2"}],"replies":[{"embeddable":true,"href":"https:\/\/bsts.ch\/en\/wp-json\/wp\/v2\/comments?post=2312"}],"version-history":[{"count":10,"href":"https:\/\/bsts.ch\/en\/wp-json\/wp\/v2\/pages\/2312\/revisions"}],"predecessor-version":[{"id":29071,"href":"https:\/\/bsts.ch\/en\/wp-json\/wp\/v2\/pages\/2312\/revisions\/29071"}],"wp:attachment":[{"href":"https:\/\/bsts.ch\/en\/wp-json\/wp\/v2\/media?parent=2312"}],"curies":[{"name":"wp","href":"https:\/\/api.w.org\/{rel}","templated":true}]}}